{"id":60,"date":"2022-03-04T10:58:35","date_gmt":"2022-03-04T09:58:35","guid":{"rendered":"https:\/\/www.aptitudeinfo.com\/?page_id=60"},"modified":"2026-01-05T15:54:05","modified_gmt":"2026-01-05T14:54:05","slug":"outils","status":"publish","type":"page","link":"https:\/\/www.aptitudeinfo.com\/?page_id=60","title":{"rendered":"Outils"},"content":{"rendered":"\n<p><a href=\"https:\/\/www.aptitude-informatique.fr\/wp-content\/uploads\/logis\/RogueKiller.zip\" target=\"_blank\" rel=\"noreferrer noopener nofollow\">RogueKiller<\/a><br><a href=\"https:\/\/toolslib.net\/downloads\/viewdownload\/1-adwcleaner\/\" target=\"_blank\" rel=\"noreferrer noopener nofollow\">AdwCleaner<\/a><br><a href=\"https:\/\/www.aptitudeinfo.comr\/wp-content\/uploads\/logis\/bali-dyndns_6-47_en_376938.exe\">Bali-dynDNS<\/a> <em>(Utilitaire \u00e0 lancer pour mettre \u00e0 jour une adresse IP dynamique aupr\u00e8s des serveurs d&rsquo;IP (Dynamic DNS))<\/em><br><a href=\"https:\/\/www.aptitude-informatique.fr\/wp-content\/uploads\/logis\/Paint.NET.3.5.11.Install.zip\" target=\"_blank\" rel=\"noreferrer noopener nofollow\">paint.net<\/a><br><a href=\"https:\/\/www.aptitude-informatique.fr\/wp-content\/uploads\/logis\/TrayStatus-1.2.3.zip\" target=\"_blank\" rel=\"noreferrer noopener nofollow\">TrayStatus<\/a> (pour afficher diff\u00e9rentes touche capslock VerrNumm&#8230;)<br><a href=\"https:\/\/www.aptitude-informatique.fr\/wp-content\/uploads\/logis\/cpu-z_1-90_en_11090.exe\" target=\"_blank\" rel=\"noreferrer noopener nofollow\">CPU Z<\/a> (Tout savoir sur le mat\u00e9riel en temps r\u00e9el)<a href=\"https:\/\/www.aptitude-informatique.fr\/wp-content\/uploads\/logis\/winmail-reader-setup.zip\"> <\/a><br><a href=\"https:\/\/www.aptitude-informatique.fr\/wp-content\/uploads\/logis\/winmail-reader-setup.zip\" target=\"_blank\" rel=\"noreferrer noopener nofollow\">Winmail Reader<\/a> (pour lire les fichiers winmail.dat)<br><a href=\"https:\/\/www.aptitudeinfo.com\/wp-content\/uploads\/logis\/epi_win_live_installer.exe\" target=\"_blank\" rel=\"noreferrer noopener nofollow\">D\u00e9ploiement Eset<\/a><br><a href=\"https:\/\/www.aptitudeinfo.com\/wp-content\/uploads\/logis\/upscayl-2.5.5-win.exe\">Upscale<\/a> Agrandissement d&rsquo;image<\/p>\n\n\n\n<h3 class=\"wp-block-heading\">Documents&#8230;<\/h3>\n\n\n\n<p><a href=\"https:\/\/www.aptitude-informatique.fr\/wp-content\/uploads\/2016\/02\/guide_hygiene_informatique_anssi.pdf\" target=\"_blank\" rel=\"noreferrer noopener nofollow\">Guide d&rsquo;hygi\u00e8ne informatique<\/a><\/p>\n\n\n\n<h3 class=\"wp-block-heading\"><strong>Assistance \u00e0 distance<\/strong><\/h3>\n\n\n\n<p><a href=\"https:\/\/www.aptitudeinfo.com\/wp-content\/uploads\/logis\/AnyDesk.exe\" target=\"_blank\" rel=\"noreferrer noopener nofollow\">Any Desk<\/a><br><a href=\"https:\/\/www.aptitude-informatique.fr\/wp-content\/uploads\/logis\/TeamViewerQS_fr.exe\" target=\"_blank\" rel=\"noreferrer noopener\">Teamviewer<\/a><br><a href=\"https:\/\/www.aptitudeinfo.com\/wp-content\/uploads\/logis\/rustdesk-1.1.9.exe\">RustDesk<\/a><em> (version Windows 32)<\/em><br><a href=\"https:\/\/www.aptitudeinfo.com\/wp-content\/uploads\/logis\/rustdesk-1.1.9-windows_x64.zip\">RustDesk<\/a> <em>(version Windows 64)<\/em><br><a href=\"https:\/\/www.aptitudeinfo.com\/wp-content\/uploads\/logis\/rustdesk-1.1.9.apk\">RustDesk<\/a> <em>(Android)<\/em><br><a href=\"https:\/\/www.aptitudeinfo.com\/wp-content\/uploads\/logis\/rustdesk-1.1.9.dmg\">RustDesk<\/a> <em>(Mac Os)<\/em><\/p>\n\n\n\n<p><a href=\"https:\/\/www.aptitudeinfo.com\/wp-content\/uploads\/logis\/TeamviewerQS.exe\">Teamviewer<\/a><\/p>\n\n\n\n<h3 class=\"wp-block-heading\"><strong>VPN<\/strong><\/h3>\n\n\n\n<p><a href=\"https:\/\/www.aptitude-informatique.fr\/wp-content\/uploads\/logis\/openvpn-install-2.4.4-I601.exe\" target=\"_blank\" rel=\"noreferrer noopener nofollow\">openVPN<\/a><\/p>\n\n\n\n<h3 class=\"wp-block-heading\"><strong>SAGE<\/strong><\/h3>\n\n\n\n<p><a href=\"https:\/\/www.aptitude-informatique.fr\/wp-content\/uploads\/logisSage-50cloud-Ciel-v4-demo.zip\" target=\"_blank\" rel=\"noreferrer noopener nofollow\">Demo C50 V4<\/a><br><a href=\"https:\/\/www.aptitude-informatique.fr\/wp-content\/uploads\/logis\/PackageGescom100cEXP_400.exe\" target=\"_blank\" rel=\"noreferrer noopener nofollow\">Sage 100C<\/a><br><a href=\"https:\/\/www.aptitude-informatique.fr\/wp-content\/uploads\/logis\/WRGQ1311.exe\" target=\"_blank\" rel=\"noreferrer noopener nofollow\">Ciel integrale 1311<\/a><br><a href=\"https:\/\/www.aptitudeinfo.com\/wp-content\/uploads\/logis\/WS50S630.exe\" target=\"_blank\" rel=\"noreferrer noopener nofollow\">Sage C50 V6.30<\/a><br><a href=\"https:\/\/www.aptitudeinfo.com\/wp-content\/uploads\/logis\/WS50S620.exe\" target=\"_blank\" rel=\"noreferrer noopener nofollow\">Sage C50 V6.20<\/a><\/p>\n\n\n\n<h3 class=\"wp-block-heading\">GestADH<\/h3>\n\n\n\n<p><a href=\"https:\/\/www.aptitudeinfo.com\/wp-content\/uploads\/logis\/umih35.apk\" target=\"_blank\" rel=\"noreferrer noopener nofollow\">Application extranet UMIH35<\/a><\/p>\n\n\n\n<h3 class=\"wp-block-heading\">Liens utils<\/h3>\n\n\n\n<p><a href=\"https:\/\/votreapplicationsage.ciel.com\/adminsouscription\/gestion-accueil.aspx\" target=\"_blank\" rel=\"noreferrer noopener nofollow\">Espace de gestion SageC50<\/a><\/p>\n","protected":false},"excerpt":{"rendered":"<p>RogueKillerAdwCleanerBali-dynDNS (Utilitaire \u00e0 lancer pour mettre \u00e0 jour une adresse IP dynamique aupr\u00e8s des serveurs d&rsquo;IP (Dynamic DNS))paint.netTrayStatus (pour afficher diff\u00e9rentes touche capslock VerrNumm&#8230;)CPU Z (Tout savoir sur le mat\u00e9riel en temps r\u00e9el) Winmail Reader (pour lire les fichiers winmail.dat)D\u00e9ploiement EsetUpscale Agrandissement d&rsquo;image Documents&#8230; Guide d&rsquo;hygi\u00e8ne informatique Assistance \u00e0 distance Any DeskTeamviewerRustDesk (version Windows 32)RustDesk [&hellip;]<\/p>\n","protected":false},"author":1,"featured_media":35,"parent":0,"menu_order":0,"comment_status":"closed","ping_status":"closed","template":"","meta":{"footnotes":""},"class_list":["post-60","page","type-page","status-publish","has-post-thumbnail","hentry"],"yoast_head":"<!-- This site is optimized with the Yoast SEO plugin v25.7 - https:\/\/yoast.com\/wordpress\/plugins\/seo\/ -->\n<title>Outils - Arobase Informatique<\/title>\n<meta name=\"robots\" content=\"index, follow, max-snippet:-1, max-image-preview:large, max-video-preview:-1\" \/>\n<link rel=\"canonical\" href=\"https:\/\/www.aptitudeinfo.com\/?page_id=60\" \/>\n<meta property=\"og:locale\" content=\"fr_FR\" \/>\n<meta property=\"og:type\" content=\"article\" \/>\n<meta property=\"og:title\" content=\"Outils - Arobase Informatique\" \/>\n<meta property=\"og:description\" content=\"RogueKillerAdwCleanerBali-dynDNS (Utilitaire \u00e0 lancer pour mettre \u00e0 jour une adresse IP dynamique aupr\u00e8s des serveurs d&rsquo;IP (Dynamic DNS))paint.netTrayStatus (pour afficher diff\u00e9rentes touche capslock VerrNumm&#8230;)CPU Z (Tout savoir sur le mat\u00e9riel en temps r\u00e9el) Winmail Reader (pour lire les fichiers winmail.dat)D\u00e9ploiement EsetUpscale Agrandissement d&rsquo;image Documents&#8230; Guide d&rsquo;hygi\u00e8ne informatique Assistance \u00e0 distance Any DeskTeamviewerRustDesk (version Windows 32)RustDesk [&hellip;]\" \/>\n<meta property=\"og:url\" content=\"https:\/\/www.aptitudeinfo.com\/?page_id=60\" \/>\n<meta property=\"og:site_name\" content=\"Arobase Informatique\" \/>\n<meta property=\"article:modified_time\" content=\"2026-01-05T14:54:05+00:00\" \/>\n<meta property=\"og:image\" content=\"https:\/\/www.aptitudeinfo.com\/wp-content\/uploads\/2022\/03\/cropped-arobasebc-1.png\" \/>\n\t<meta property=\"og:image:width\" content=\"512\" \/>\n\t<meta property=\"og:image:height\" content=\"512\" \/>\n\t<meta property=\"og:image:type\" content=\"image\/png\" \/>\n<meta name=\"twitter:card\" content=\"summary_large_image\" \/>\n<meta name=\"twitter:label1\" content=\"Dur\u00e9e de lecture estim\u00e9e\" \/>\n\t<meta name=\"twitter:data1\" content=\"1 minute\" \/>\n<script type=\"application\/ld+json\" class=\"yoast-schema-graph\">{\"@context\":\"https:\/\/schema.org\",\"@graph\":[{\"@type\":\"WebPage\",\"@id\":\"https:\/\/www.aptitudeinfo.com\/?page_id=60\",\"url\":\"https:\/\/www.aptitudeinfo.com\/?page_id=60\",\"name\":\"Outils - Arobase Informatique\",\"isPartOf\":{\"@id\":\"https:\/\/www.aptitudeinfo.com\/#website\"},\"primaryImageOfPage\":{\"@id\":\"https:\/\/www.aptitudeinfo.com\/?page_id=60#primaryimage\"},\"image\":{\"@id\":\"https:\/\/www.aptitudeinfo.com\/?page_id=60#primaryimage\"},\"thumbnailUrl\":\"https:\/\/www.aptitudeinfo.com\/wp-content\/uploads\/2022\/03\/cropped-arobasebc-1.png\",\"datePublished\":\"2022-03-04T09:58:35+00:00\",\"dateModified\":\"2026-01-05T14:54:05+00:00\",\"breadcrumb\":{\"@id\":\"https:\/\/www.aptitudeinfo.com\/?page_id=60#breadcrumb\"},\"inLanguage\":\"fr-FR\",\"potentialAction\":[{\"@type\":\"ReadAction\",\"target\":[\"https:\/\/www.aptitudeinfo.com\/?page_id=60\"]}]},{\"@type\":\"ImageObject\",\"inLanguage\":\"fr-FR\",\"@id\":\"https:\/\/www.aptitudeinfo.com\/?page_id=60#primaryimage\",\"url\":\"https:\/\/www.aptitudeinfo.com\/wp-content\/uploads\/2022\/03\/cropped-arobasebc-1.png\",\"contentUrl\":\"https:\/\/www.aptitudeinfo.com\/wp-content\/uploads\/2022\/03\/cropped-arobasebc-1.png\",\"width\":512,\"height\":512},{\"@type\":\"BreadcrumbList\",\"@id\":\"https:\/\/www.aptitudeinfo.com\/?page_id=60#breadcrumb\",\"itemListElement\":[{\"@type\":\"ListItem\",\"position\":1,\"name\":\"Accueil\",\"item\":\"https:\/\/www.aptitudeinfo.com\/\"},{\"@type\":\"ListItem\",\"position\":2,\"name\":\"Outils\"}]},{\"@type\":\"WebSite\",\"@id\":\"https:\/\/www.aptitudeinfo.com\/#website\",\"url\":\"https:\/\/www.aptitudeinfo.com\/\",\"name\":\"Arobase Informatique\",\"description\":\"Installation, Conseil, Cr\u00e9ation\",\"publisher\":{\"@id\":\"https:\/\/www.aptitudeinfo.com\/#organization\"},\"potentialAction\":[{\"@type\":\"SearchAction\",\"target\":{\"@type\":\"EntryPoint\",\"urlTemplate\":\"https:\/\/www.aptitudeinfo.com\/?s={search_term_string}\"},\"query-input\":{\"@type\":\"PropertyValueSpecification\",\"valueRequired\":true,\"valueName\":\"search_term_string\"}}],\"inLanguage\":\"fr-FR\"},{\"@type\":\"Organization\",\"@id\":\"https:\/\/www.aptitudeinfo.com\/#organization\",\"name\":\"Arobase Informatique\",\"url\":\"https:\/\/www.aptitudeinfo.com\/\",\"logo\":{\"@type\":\"ImageObject\",\"inLanguage\":\"fr-FR\",\"@id\":\"https:\/\/www.aptitudeinfo.com\/#\/schema\/logo\/image\/\",\"url\":\"https:\/\/www.aptitudeinfo.com\/wp-content\/uploads\/2022\/03\/cropped-arobasebc.png\",\"contentUrl\":\"https:\/\/www.aptitudeinfo.com\/wp-content\/uploads\/2022\/03\/cropped-arobasebc.png\",\"width\":190,\"height\":197,\"caption\":\"Arobase Informatique\"},\"image\":{\"@id\":\"https:\/\/www.aptitudeinfo.com\/#\/schema\/logo\/image\/\"}}]}<\/script>\n<!-- \/ Yoast SEO plugin. -->","yoast_head_json":{"title":"Outils - Arobase Informatique","robots":{"index":"index","follow":"follow","max-snippet":"max-snippet:-1","max-image-preview":"max-image-preview:large","max-video-preview":"max-video-preview:-1"},"canonical":"https:\/\/www.aptitudeinfo.com\/?page_id=60","og_locale":"fr_FR","og_type":"article","og_title":"Outils - Arobase Informatique","og_description":"RogueKillerAdwCleanerBali-dynDNS (Utilitaire \u00e0 lancer pour mettre \u00e0 jour une adresse IP dynamique aupr\u00e8s des serveurs d&rsquo;IP (Dynamic DNS))paint.netTrayStatus (pour afficher diff\u00e9rentes touche capslock VerrNumm&#8230;)CPU Z (Tout savoir sur le mat\u00e9riel en temps r\u00e9el) Winmail Reader (pour lire les fichiers winmail.dat)D\u00e9ploiement EsetUpscale Agrandissement d&rsquo;image Documents&#8230; Guide d&rsquo;hygi\u00e8ne informatique Assistance \u00e0 distance Any DeskTeamviewerRustDesk (version Windows 32)RustDesk [&hellip;]","og_url":"https:\/\/www.aptitudeinfo.com\/?page_id=60","og_site_name":"Arobase Informatique","article_modified_time":"2026-01-05T14:54:05+00:00","og_image":[{"width":512,"height":512,"url":"https:\/\/www.aptitudeinfo.com\/wp-content\/uploads\/2022\/03\/cropped-arobasebc-1.png","type":"image\/png"}],"twitter_card":"summary_large_image","twitter_misc":{"Dur\u00e9e de lecture estim\u00e9e":"1 minute"},"schema":{"@context":"https:\/\/schema.org","@graph":[{"@type":"WebPage","@id":"https:\/\/www.aptitudeinfo.com\/?page_id=60","url":"https:\/\/www.aptitudeinfo.com\/?page_id=60","name":"Outils - Arobase Informatique","isPartOf":{"@id":"https:\/\/www.aptitudeinfo.com\/#website"},"primaryImageOfPage":{"@id":"https:\/\/www.aptitudeinfo.com\/?page_id=60#primaryimage"},"image":{"@id":"https:\/\/www.aptitudeinfo.com\/?page_id=60#primaryimage"},"thumbnailUrl":"https:\/\/www.aptitudeinfo.com\/wp-content\/uploads\/2022\/03\/cropped-arobasebc-1.png","datePublished":"2022-03-04T09:58:35+00:00","dateModified":"2026-01-05T14:54:05+00:00","breadcrumb":{"@id":"https:\/\/www.aptitudeinfo.com\/?page_id=60#breadcrumb"},"inLanguage":"fr-FR","potentialAction":[{"@type":"ReadAction","target":["https:\/\/www.aptitudeinfo.com\/?page_id=60"]}]},{"@type":"ImageObject","inLanguage":"fr-FR","@id":"https:\/\/www.aptitudeinfo.com\/?page_id=60#primaryimage","url":"https:\/\/www.aptitudeinfo.com\/wp-content\/uploads\/2022\/03\/cropped-arobasebc-1.png","contentUrl":"https:\/\/www.aptitudeinfo.com\/wp-content\/uploads\/2022\/03\/cropped-arobasebc-1.png","width":512,"height":512},{"@type":"BreadcrumbList","@id":"https:\/\/www.aptitudeinfo.com\/?page_id=60#breadcrumb","itemListElement":[{"@type":"ListItem","position":1,"name":"Accueil","item":"https:\/\/www.aptitudeinfo.com\/"},{"@type":"ListItem","position":2,"name":"Outils"}]},{"@type":"WebSite","@id":"https:\/\/www.aptitudeinfo.com\/#website","url":"https:\/\/www.aptitudeinfo.com\/","name":"Arobase Informatique","description":"Installation, Conseil, Cr\u00e9ation","publisher":{"@id":"https:\/\/www.aptitudeinfo.com\/#organization"},"potentialAction":[{"@type":"SearchAction","target":{"@type":"EntryPoint","urlTemplate":"https:\/\/www.aptitudeinfo.com\/?s={search_term_string}"},"query-input":{"@type":"PropertyValueSpecification","valueRequired":true,"valueName":"search_term_string"}}],"inLanguage":"fr-FR"},{"@type":"Organization","@id":"https:\/\/www.aptitudeinfo.com\/#organization","name":"Arobase Informatique","url":"https:\/\/www.aptitudeinfo.com\/","logo":{"@type":"ImageObject","inLanguage":"fr-FR","@id":"https:\/\/www.aptitudeinfo.com\/#\/schema\/logo\/image\/","url":"https:\/\/www.aptitudeinfo.com\/wp-content\/uploads\/2022\/03\/cropped-arobasebc.png","contentUrl":"https:\/\/www.aptitudeinfo.com\/wp-content\/uploads\/2022\/03\/cropped-arobasebc.png","width":190,"height":197,"caption":"Arobase Informatique"},"image":{"@id":"https:\/\/www.aptitudeinfo.com\/#\/schema\/logo\/image\/"}}]}},"_links":{"self":[{"href":"https:\/\/www.aptitudeinfo.com\/index.php?rest_route=\/wp\/v2\/pages\/60","targetHints":{"allow":["GET"]}}],"collection":[{"href":"https:\/\/www.aptitudeinfo.com\/index.php?rest_route=\/wp\/v2\/pages"}],"about":[{"href":"https:\/\/www.aptitudeinfo.com\/index.php?rest_route=\/wp\/v2\/types\/page"}],"author":[{"embeddable":true,"href":"https:\/\/www.aptitudeinfo.com\/index.php?rest_route=\/wp\/v2\/users\/1"}],"replies":[{"embeddable":true,"href":"https:\/\/www.aptitudeinfo.com\/index.php?rest_route=%2Fwp%2Fv2%2Fcomments&post=60"}],"version-history":[{"count":21,"href":"https:\/\/www.aptitudeinfo.com\/index.php?rest_route=\/wp\/v2\/pages\/60\/revisions"}],"predecessor-version":[{"id":188,"href":"https:\/\/www.aptitudeinfo.com\/index.php?rest_route=\/wp\/v2\/pages\/60\/revisions\/188"}],"wp:featuredmedia":[{"embeddable":true,"href":"https:\/\/www.aptitudeinfo.com\/index.php?rest_route=\/wp\/v2\/media\/35"}],"wp:attachment":[{"href":"https:\/\/www.aptitudeinfo.com\/index.php?rest_route=%2Fwp%2Fv2%2Fmedia&parent=60"}],"curies":[{"name":"wp","href":"https:\/\/api.w.org\/{rel}","templated":true}]}}