{"id":56,"date":"2022-03-04T10:54:27","date_gmt":"2022-03-04T09:54:27","guid":{"rendered":"https:\/\/www.aptitudeinfo.com\/?page_id=56"},"modified":"2023-09-25T12:24:20","modified_gmt":"2023-09-25T10:24:20","slug":"orchestra-software","status":"publish","type":"page","link":"https:\/\/www.aptitudeinfo.com\/?page_id=56","title":{"rendered":"Orchestra Software"},"content":{"rendered":"\n<p><a href=\"http:\/\/www.aptitude-informatique.fr\/wp-content\/uploads\/logis\/orchestra\/Certificat-Orchestra-v12-NF-525-Logiciel-Gestion-de-l-Encaissement.pdf\" target=\"_blank\" rel=\"noreferrer noopener nofollow\">COURRIER INFOCERT<\/a> &#8211; FELIX INFORMATIQUE &#8211; NF525<\/p>\n\n\n\n<p><a href=\"http:\/\/www.aptitudeinfo.com\/wp-content\/uploads\/logis\/SetupOrchestraPDV-15-00-19.exe\">Installe Orchestra V15-00-19<\/a><br><a href=\"http:\/\/www.aptitudeinfo.com\/wp-content\/uploads\/logis\/SetupOrchestraPDV-MAJ-15-00-19.exe\">Mise \u00e0 Jour Orchestra V15-00-19<\/a><br><a href=\"http:\/\/www.aptitudeinfo.com\/wp-content\/uploads\/logis\/SetupOrchestraPDV-14-00-11.exe\">Installe Orchestra V14-00-11<\/a><br><a href=\"http:\/\/www.aptitudeinfo.com\/wp-content\/uploads\/logis\/SetupOrchestraPDV-MAJ-14-00-11.exe\">Mise \u00e0 Jour Orchestra V14-00-11<\/a><br><a href=\"http:\/\/www.aptitude-informatique.fr\/wp-content\/uploads\/logis\/SetupOrchestraPDV-13-01-05.exe\" target=\"_blank\" rel=\"noreferrer noopener nofollow\">Installe Orchestra V13-01-05<\/a><br><a href=\"http:\/\/www.aptitude-informatique.fr\/wp-content\/uploads\/logis\/SetupOrchestraPDV-MAJ-13-01-05.exe\" target=\"_blank\" rel=\"noreferrer noopener nofollow\">Mise \u00e0 Jour Orchestra V13-01-05<\/a><br><a href=\"http:\/\/www.aptitude-informatique.fr\/wp-content\/uploads\/logis\/SetupOrchestraPDV-12-05-10.exe\" target=\"_blank\" rel=\"noreferrer noopener nofollow\">Installe Orchestra V12-05-10<\/a><br><a href=\"http:\/\/www.aptitude-informatique.fr\/wp-content\/uploads\/logis\/SetupOrchestraPDV-MAJ-12-05-10.exe\" target=\"_blank\" rel=\"noreferrer noopener nofollow\">Mise \u00e0 Jour Orchestra V12-05-10<\/a><br><a href=\"http:\/\/www.aptitude-informatique.fr\/wp-content\/uploads\/logis\/orchestra\/SetupOrchestraPDV-MAJ-12-02-05.exe\" target=\"_blank\" rel=\"noreferrer noopener nofollow\">Mise \u00e0 Jour Orchestra V12-02-05<\/a><br><a href=\"http:\/\/www.aptitude-informatique.fr\/wp-content\/uploads\/logis\/orchestra\/SetupOrchestraPDV-12-02-05.exe\" target=\"_blank\" rel=\"noreferrer noopener nofollow\">Setup Orchestra V12-02-05<\/a><br><a href=\"http:\/\/www.aptitude-informatique.fr\/wp-content\/uploads\/logis\/orchestra\/SetupOrchestraPDV-MAJ-11-03-13.exe\" target=\"_blank\" rel=\"noreferrer noopener nofollow\">Mise \u00e0 Jour Orchestra V11.03-13<\/a><br><a href=\"http:\/\/www.aptitude-informatique.fr\/wp-content\/uploads\/logis\/orchestra\/SetupOrchestraPDV-11-03-13.exe\" target=\"_blank\" rel=\"noreferrer noopener nofollow\">Setup Orchestra V11.03-13<\/a><br><a href=\"http:\/\/www.aptitude-informatique.fr\/wp-content\/uploads\/logis\/orchestra\/ListedesevolutionsOrchestraPDVv11.pdf\" target=\"_blank\" rel=\"noreferrer noopener nofollow\">Nouveaut\u00e9s V11<\/a><br><a href=\"http:\/\/www.aptitude-informatique.fr\/wp-content\/uploads\/logis\/orchestra\/ListedesevolutionsOrchestraPDVv10_10_20.pdf\" target=\"_blank\" rel=\"noreferrer noopener nofollow\">Nouveaut\u00e9s V10.10.20<\/a><br><a href=\"http:\/\/www.aptitude-informatique.fr\/wp-content\/uploads\/logis\/orchestra\/ListedesEvolutionsOrchestraPDVv10_07.pdf\" target=\"_blank\" rel=\"noreferrer noopener nofollow\">Nouveaut\u00e9s V10.07<\/a><br><a href=\"http:\/\/www.aptitude-informatique.fr\/wp-content\/uploads\/logis\/orchestra\/Miseajour10_06.pdf\" target=\"_blank\" rel=\"noreferrer noopener nofollow\">Nouveaut\u00e9s V10.06<\/a><\/p>\n\n\n\n<h2 class=\"wp-block-heading\"><strong>Utilitaires<\/strong><\/h2>\n\n\n\n<p><a href=\"http:\/\/www.aptitude-informatique.fr\/wp-content\/uploads\/logis\/SetupGhostScript.exe\" target=\"_blank\" rel=\"noreferrer noopener nofollow\">Package Installation Imprimante PDF<\/a><\/p>\n\n\n\n<h2 class=\"wp-block-heading\"><strong>Drivers<\/strong><\/h2>\n\n\n\n<p><a href=\"http:\/\/www.aures-support.fr\/DATA\/Doc\/OCD100_150_Manuel_Utilisateur_V2%201.pdf\" target=\"_blank\" rel=\"noreferrer noopener nofollow\">Documentation<\/a><br><a href=\"http:\/\/www.aures-support.fr\/DATA\/drivers\/PROLIFIC\/PL2303_Prolific_DriverInstaller_v1.9.0.zip\" target=\"_blank\" rel=\"noreferrer noopener nofollow\">Pilote USB<\/a><br><a href=\"http:\/\/www.aures-support.fr\/DATA\/drivers\/OPOS%20EPSON\/Opos.zip\" target=\"_blank\" rel=\"noreferrer noopener nofollow\">Pilote OPOS<\/a><br><a href=\"http:\/\/www.aures-support.fr\/DATA\/Doc\/Opos%20afficheur%20AURES.pdf\" target=\"_blank\" rel=\"noreferrer noopener nofollow\">Configuration OPOS<\/a><\/p>\n","protected":false},"excerpt":{"rendered":"<p>COURRIER INFOCERT &#8211; FELIX INFORMATIQUE &#8211; NF525 Installe Orchestra V15-00-19Mise \u00e0 Jour Orchestra V15-00-19Installe Orchestra V14-00-11Mise \u00e0 Jour Orchestra V14-00-11Installe Orchestra V13-01-05Mise \u00e0 Jour Orchestra V13-01-05Installe Orchestra V12-05-10Mise \u00e0 Jour Orchestra V12-05-10Mise \u00e0 Jour Orchestra V12-02-05Setup Orchestra V12-02-05Mise \u00e0 Jour Orchestra V11.03-13Setup Orchestra V11.03-13Nouveaut\u00e9s V11Nouveaut\u00e9s V10.10.20Nouveaut\u00e9s V10.07Nouveaut\u00e9s V10.06 Utilitaires Package Installation Imprimante PDF Drivers DocumentationPilote [&hellip;]<\/p>\n","protected":false},"author":1,"featured_media":57,"parent":7,"menu_order":0,"comment_status":"closed","ping_status":"closed","template":"","meta":{"footnotes":""},"class_list":["post-56","page","type-page","status-publish","has-post-thumbnail","hentry"],"yoast_head":"<!-- This site is optimized with the Yoast SEO plugin v25.7 - https:\/\/yoast.com\/wordpress\/plugins\/seo\/ -->\n<title>Orchestra Software - Arobase Informatique<\/title>\n<meta name=\"robots\" content=\"index, follow, max-snippet:-1, max-image-preview:large, max-video-preview:-1\" \/>\n<link rel=\"canonical\" href=\"https:\/\/www.aptitudeinfo.com\/?page_id=56\" \/>\n<meta property=\"og:locale\" content=\"fr_FR\" \/>\n<meta property=\"og:type\" content=\"article\" \/>\n<meta property=\"og:title\" content=\"Orchestra Software - Arobase Informatique\" \/>\n<meta property=\"og:description\" content=\"COURRIER INFOCERT &#8211; FELIX INFORMATIQUE &#8211; NF525 Installe Orchestra V15-00-19Mise \u00e0 Jour Orchestra V15-00-19Installe Orchestra V14-00-11Mise \u00e0 Jour Orchestra V14-00-11Installe Orchestra V13-01-05Mise \u00e0 Jour Orchestra V13-01-05Installe Orchestra V12-05-10Mise \u00e0 Jour Orchestra V12-05-10Mise \u00e0 Jour Orchestra V12-02-05Setup Orchestra V12-02-05Mise \u00e0 Jour Orchestra V11.03-13Setup Orchestra V11.03-13Nouveaut\u00e9s V11Nouveaut\u00e9s V10.10.20Nouveaut\u00e9s V10.07Nouveaut\u00e9s V10.06 Utilitaires Package Installation Imprimante PDF Drivers DocumentationPilote [&hellip;]\" \/>\n<meta property=\"og:url\" content=\"https:\/\/www.aptitudeinfo.com\/?page_id=56\" \/>\n<meta property=\"og:site_name\" content=\"Arobase Informatique\" \/>\n<meta property=\"article:modified_time\" content=\"2023-09-25T10:24:20+00:00\" \/>\n<meta property=\"og:image\" content=\"https:\/\/www.aptitudeinfo.com\/wp-content\/uploads\/2022\/03\/logo-orchestra-software.png\" \/>\n\t<meta property=\"og:image:width\" content=\"165\" \/>\n\t<meta property=\"og:image:height\" content=\"35\" \/>\n\t<meta property=\"og:image:type\" content=\"image\/png\" \/>\n<meta name=\"twitter:card\" content=\"summary_large_image\" \/>\n<meta name=\"twitter:label1\" content=\"Dur\u00e9e de lecture estim\u00e9e\" \/>\n\t<meta name=\"twitter:data1\" content=\"1 minute\" \/>\n<script type=\"application\/ld+json\" class=\"yoast-schema-graph\">{\"@context\":\"https:\/\/schema.org\",\"@graph\":[{\"@type\":\"WebPage\",\"@id\":\"https:\/\/www.aptitudeinfo.com\/?page_id=56\",\"url\":\"https:\/\/www.aptitudeinfo.com\/?page_id=56\",\"name\":\"Orchestra Software - Arobase Informatique\",\"isPartOf\":{\"@id\":\"https:\/\/www.aptitudeinfo.com\/#website\"},\"primaryImageOfPage\":{\"@id\":\"https:\/\/www.aptitudeinfo.com\/?page_id=56#primaryimage\"},\"image\":{\"@id\":\"https:\/\/www.aptitudeinfo.com\/?page_id=56#primaryimage\"},\"thumbnailUrl\":\"https:\/\/www.aptitudeinfo.com\/wp-content\/uploads\/2022\/03\/logo-orchestra-software.png\",\"datePublished\":\"2022-03-04T09:54:27+00:00\",\"dateModified\":\"2023-09-25T10:24:20+00:00\",\"breadcrumb\":{\"@id\":\"https:\/\/www.aptitudeinfo.com\/?page_id=56#breadcrumb\"},\"inLanguage\":\"fr-FR\",\"potentialAction\":[{\"@type\":\"ReadAction\",\"target\":[\"https:\/\/www.aptitudeinfo.com\/?page_id=56\"]}]},{\"@type\":\"ImageObject\",\"inLanguage\":\"fr-FR\",\"@id\":\"https:\/\/www.aptitudeinfo.com\/?page_id=56#primaryimage\",\"url\":\"https:\/\/www.aptitudeinfo.com\/wp-content\/uploads\/2022\/03\/logo-orchestra-software.png\",\"contentUrl\":\"https:\/\/www.aptitudeinfo.com\/wp-content\/uploads\/2022\/03\/logo-orchestra-software.png\",\"width\":165,\"height\":35},{\"@type\":\"BreadcrumbList\",\"@id\":\"https:\/\/www.aptitudeinfo.com\/?page_id=56#breadcrumb\",\"itemListElement\":[{\"@type\":\"ListItem\",\"position\":1,\"name\":\"Accueil\",\"item\":\"https:\/\/www.aptitudeinfo.com\/\"},{\"@type\":\"ListItem\",\"position\":2,\"name\":\"Home\",\"item\":\"https:\/\/www.aptitudeinfo.com\/\"},{\"@type\":\"ListItem\",\"position\":3,\"name\":\"Orchestra Software\"}]},{\"@type\":\"WebSite\",\"@id\":\"https:\/\/www.aptitudeinfo.com\/#website\",\"url\":\"https:\/\/www.aptitudeinfo.com\/\",\"name\":\"Arobase Informatique\",\"description\":\"Installation, Conseil, Cr\u00e9ation\",\"publisher\":{\"@id\":\"https:\/\/www.aptitudeinfo.com\/#organization\"},\"potentialAction\":[{\"@type\":\"SearchAction\",\"target\":{\"@type\":\"EntryPoint\",\"urlTemplate\":\"https:\/\/www.aptitudeinfo.com\/?s={search_term_string}\"},\"query-input\":{\"@type\":\"PropertyValueSpecification\",\"valueRequired\":true,\"valueName\":\"search_term_string\"}}],\"inLanguage\":\"fr-FR\"},{\"@type\":\"Organization\",\"@id\":\"https:\/\/www.aptitudeinfo.com\/#organization\",\"name\":\"Arobase Informatique\",\"url\":\"https:\/\/www.aptitudeinfo.com\/\",\"logo\":{\"@type\":\"ImageObject\",\"inLanguage\":\"fr-FR\",\"@id\":\"https:\/\/www.aptitudeinfo.com\/#\/schema\/logo\/image\/\",\"url\":\"https:\/\/www.aptitudeinfo.com\/wp-content\/uploads\/2022\/03\/cropped-arobasebc.png\",\"contentUrl\":\"https:\/\/www.aptitudeinfo.com\/wp-content\/uploads\/2022\/03\/cropped-arobasebc.png\",\"width\":190,\"height\":197,\"caption\":\"Arobase Informatique\"},\"image\":{\"@id\":\"https:\/\/www.aptitudeinfo.com\/#\/schema\/logo\/image\/\"}}]}<\/script>\n<!-- \/ Yoast SEO plugin. -->","yoast_head_json":{"title":"Orchestra Software - Arobase Informatique","robots":{"index":"index","follow":"follow","max-snippet":"max-snippet:-1","max-image-preview":"max-image-preview:large","max-video-preview":"max-video-preview:-1"},"canonical":"https:\/\/www.aptitudeinfo.com\/?page_id=56","og_locale":"fr_FR","og_type":"article","og_title":"Orchestra Software - Arobase Informatique","og_description":"COURRIER INFOCERT &#8211; FELIX INFORMATIQUE &#8211; NF525 Installe Orchestra V15-00-19Mise \u00e0 Jour Orchestra V15-00-19Installe Orchestra V14-00-11Mise \u00e0 Jour Orchestra V14-00-11Installe Orchestra V13-01-05Mise \u00e0 Jour Orchestra V13-01-05Installe Orchestra V12-05-10Mise \u00e0 Jour Orchestra V12-05-10Mise \u00e0 Jour Orchestra V12-02-05Setup Orchestra V12-02-05Mise \u00e0 Jour Orchestra V11.03-13Setup Orchestra V11.03-13Nouveaut\u00e9s V11Nouveaut\u00e9s V10.10.20Nouveaut\u00e9s V10.07Nouveaut\u00e9s V10.06 Utilitaires Package Installation Imprimante PDF Drivers DocumentationPilote [&hellip;]","og_url":"https:\/\/www.aptitudeinfo.com\/?page_id=56","og_site_name":"Arobase Informatique","article_modified_time":"2023-09-25T10:24:20+00:00","og_image":[{"width":165,"height":35,"url":"https:\/\/www.aptitudeinfo.com\/wp-content\/uploads\/2022\/03\/logo-orchestra-software.png","type":"image\/png"}],"twitter_card":"summary_large_image","twitter_misc":{"Dur\u00e9e de lecture estim\u00e9e":"1 minute"},"schema":{"@context":"https:\/\/schema.org","@graph":[{"@type":"WebPage","@id":"https:\/\/www.aptitudeinfo.com\/?page_id=56","url":"https:\/\/www.aptitudeinfo.com\/?page_id=56","name":"Orchestra Software - Arobase Informatique","isPartOf":{"@id":"https:\/\/www.aptitudeinfo.com\/#website"},"primaryImageOfPage":{"@id":"https:\/\/www.aptitudeinfo.com\/?page_id=56#primaryimage"},"image":{"@id":"https:\/\/www.aptitudeinfo.com\/?page_id=56#primaryimage"},"thumbnailUrl":"https:\/\/www.aptitudeinfo.com\/wp-content\/uploads\/2022\/03\/logo-orchestra-software.png","datePublished":"2022-03-04T09:54:27+00:00","dateModified":"2023-09-25T10:24:20+00:00","breadcrumb":{"@id":"https:\/\/www.aptitudeinfo.com\/?page_id=56#breadcrumb"},"inLanguage":"fr-FR","potentialAction":[{"@type":"ReadAction","target":["https:\/\/www.aptitudeinfo.com\/?page_id=56"]}]},{"@type":"ImageObject","inLanguage":"fr-FR","@id":"https:\/\/www.aptitudeinfo.com\/?page_id=56#primaryimage","url":"https:\/\/www.aptitudeinfo.com\/wp-content\/uploads\/2022\/03\/logo-orchestra-software.png","contentUrl":"https:\/\/www.aptitudeinfo.com\/wp-content\/uploads\/2022\/03\/logo-orchestra-software.png","width":165,"height":35},{"@type":"BreadcrumbList","@id":"https:\/\/www.aptitudeinfo.com\/?page_id=56#breadcrumb","itemListElement":[{"@type":"ListItem","position":1,"name":"Accueil","item":"https:\/\/www.aptitudeinfo.com\/"},{"@type":"ListItem","position":2,"name":"Home","item":"https:\/\/www.aptitudeinfo.com\/"},{"@type":"ListItem","position":3,"name":"Orchestra Software"}]},{"@type":"WebSite","@id":"https:\/\/www.aptitudeinfo.com\/#website","url":"https:\/\/www.aptitudeinfo.com\/","name":"Arobase Informatique","description":"Installation, Conseil, Cr\u00e9ation","publisher":{"@id":"https:\/\/www.aptitudeinfo.com\/#organization"},"potentialAction":[{"@type":"SearchAction","target":{"@type":"EntryPoint","urlTemplate":"https:\/\/www.aptitudeinfo.com\/?s={search_term_string}"},"query-input":{"@type":"PropertyValueSpecification","valueRequired":true,"valueName":"search_term_string"}}],"inLanguage":"fr-FR"},{"@type":"Organization","@id":"https:\/\/www.aptitudeinfo.com\/#organization","name":"Arobase Informatique","url":"https:\/\/www.aptitudeinfo.com\/","logo":{"@type":"ImageObject","inLanguage":"fr-FR","@id":"https:\/\/www.aptitudeinfo.com\/#\/schema\/logo\/image\/","url":"https:\/\/www.aptitudeinfo.com\/wp-content\/uploads\/2022\/03\/cropped-arobasebc.png","contentUrl":"https:\/\/www.aptitudeinfo.com\/wp-content\/uploads\/2022\/03\/cropped-arobasebc.png","width":190,"height":197,"caption":"Arobase Informatique"},"image":{"@id":"https:\/\/www.aptitudeinfo.com\/#\/schema\/logo\/image\/"}}]}},"_links":{"self":[{"href":"https:\/\/www.aptitudeinfo.com\/index.php?rest_route=\/wp\/v2\/pages\/56","targetHints":{"allow":["GET"]}}],"collection":[{"href":"https:\/\/www.aptitudeinfo.com\/index.php?rest_route=\/wp\/v2\/pages"}],"about":[{"href":"https:\/\/www.aptitudeinfo.com\/index.php?rest_route=\/wp\/v2\/types\/page"}],"author":[{"embeddable":true,"href":"https:\/\/www.aptitudeinfo.com\/index.php?rest_route=\/wp\/v2\/users\/1"}],"replies":[{"embeddable":true,"href":"https:\/\/www.aptitudeinfo.com\/index.php?rest_route=%2Fwp%2Fv2%2Fcomments&post=56"}],"version-history":[{"count":6,"href":"https:\/\/www.aptitudeinfo.com\/index.php?rest_route=\/wp\/v2\/pages\/56\/revisions"}],"predecessor-version":[{"id":139,"href":"https:\/\/www.aptitudeinfo.com\/index.php?rest_route=\/wp\/v2\/pages\/56\/revisions\/139"}],"up":[{"embeddable":true,"href":"https:\/\/www.aptitudeinfo.com\/index.php?rest_route=\/wp\/v2\/pages\/7"}],"wp:featuredmedia":[{"embeddable":true,"href":"https:\/\/www.aptitudeinfo.com\/index.php?rest_route=\/wp\/v2\/media\/57"}],"wp:attachment":[{"href":"https:\/\/www.aptitudeinfo.com\/index.php?rest_route=%2Fwp%2Fv2%2Fmedia&parent=56"}],"curies":[{"name":"wp","href":"https:\/\/api.w.org\/{rel}","templated":true}]}}